{"id":14,"date":"2026-01-20T15:31:09","date_gmt":"2026-01-20T15:31:09","guid":{"rendered":"https:\/\/dotykswiatla.pl\/?page_id=14"},"modified":"2026-01-24T07:03:38","modified_gmt":"2026-01-24T07:03:38","slug":"strona-glowna","status":"publish","type":"page","link":"https:\/\/dotykswiatla.pl\/","title":{"rendered":""},"content":{"rendered":"\n<figure class=\"wp-block-gallery has-nested-images columns-default is-cropped wp-block-gallery-1 is-layout-flex wp-block-gallery-is-layout-flex\">\n<figure class=\"wp-block-image size-full is-style-default\"><img loading=\"lazy\" decoding=\"async\" width=\"900\" height=\"300\" data-id=\"144\" src=\"http:\/\/dotykswiatla.pl\/wp-content\/uploads\/2026\/01\/banner6.png\" alt=\"\" class=\"wp-image-144\" srcset=\"https:\/\/dotykswiatla.pl\/wp-content\/uploads\/2026\/01\/banner6.png 900w, https:\/\/dotykswiatla.pl\/wp-content\/uploads\/2026\/01\/banner6-300x100.png 300w, https:\/\/dotykswiatla.pl\/wp-content\/uploads\/2026\/01\/banner6-768x256.png 768w\" sizes=\"auto, (max-width: 900px) 100vw, 900px\" \/><\/figure>\n<\/figure>\n\n\n<style>.wp-block-kadence-advancedbtn.kb-btns14_b78a10-41{gap:var(--global-kb-gap-xs, 0.5rem );justify-content:center;align-items:center;}.kt-btns14_b78a10-41 .kt-button{font-weight:normal;font-style:normal;}.kt-btns14_b78a10-41 .kt-btn-wrap-0{margin-right:5px;}.wp-block-kadence-advancedbtn.kt-btns14_b78a10-41 .kt-btn-wrap-0 .kt-button{color:#555555;border-color:#555555;}.wp-block-kadence-advancedbtn.kt-btns14_b78a10-41 .kt-btn-wrap-0 .kt-button:hover, .wp-block-kadence-advancedbtn.kt-btns14_b78a10-41 .kt-btn-wrap-0 .kt-button:focus{color:#ffffff;border-color:#444444;}.wp-block-kadence-advancedbtn.kt-btns14_b78a10-41 .kt-btn-wrap-0 .kt-button::before{display:none;}.wp-block-kadence-advancedbtn.kt-btns14_b78a10-41 .kt-btn-wrap-0 .kt-button:hover, .wp-block-kadence-advancedbtn.kt-btns14_b78a10-41 .kt-btn-wrap-0 .kt-button:focus{background:#444444;}<\/style>\n<div class=\"wp-block-kadence-advancedbtn kb-buttons-wrap kb-btns14_b78a10-41\"><style>ul.menu .wp-block-kadence-advancedbtn .kb-btn14_f27d0d-f3.kb-button{width:initial;}.wp-block-kadence-advancedbtn .kb-btn14_f27d0d-f3.kb-button{color:#3f4f2f;background:#a9c9a3;border-top-color:#a9c9a3;border-top-style:solid;border-right-color:#a9c9a3;border-right-style:solid;border-bottom-color:#a9c9a3;border-bottom-style:solid;border-left-color:#a9c9a3;border-left-style:solid;box-shadow:inset 0px 0px 60px -15px rgba(0, 0, 0, 0.2);}.wp-block-kadence-advancedbtn .kb-btn14_f27d0d-f3.kb-button:hover, .wp-block-kadence-advancedbtn .kb-btn14_f27d0d-f3.kb-button:focus{background:#8fb88a;}@media all and (max-width: 1024px){.wp-block-kadence-advancedbtn .kb-btn14_f27d0d-f3.kb-button{border-top-color:#a9c9a3;border-top-style:solid;border-right-color:#a9c9a3;border-right-style:solid;border-bottom-color:#a9c9a3;border-bottom-style:solid;border-left-color:#a9c9a3;border-left-style:solid;}}@media all and (max-width: 767px){.wp-block-kadence-advancedbtn .kb-btn14_f27d0d-f3.kb-button{border-top-color:#a9c9a3;border-top-style:solid;border-right-color:#a9c9a3;border-right-style:solid;border-bottom-color:#a9c9a3;border-bottom-style:solid;border-left-color:#a9c9a3;border-left-style:solid;}}<\/style><a class=\"kb-button kt-button button kb-btn14_f27d0d-f3 kt-btn-size-standard kt-btn-width-type-auto kb-btn-global-fill  kt-btn-has-text-true kt-btn-has-svg-false  wp-block-kadence-singlebtn\" href=\"https:\/\/dotykswiatla.pl\/index.php\/bioenergoterapia\/\"><span class=\"kt-btn-inner-text\">Bioenergoterapia<\/span><\/a>\n\n<style>ul.menu .wp-block-kadence-advancedbtn .kb-btn14_8d4140-71.kb-button{width:initial;}.wp-block-kadence-advancedbtn .kb-btn14_8d4140-71.kb-button{color:#3f4f2f;background:#a9c9a3;border-top-color:#a9c9a3;border-top-style:solid;border-right-color:#a9c9a3;border-right-style:solid;border-bottom-color:#a9c9a3;border-bottom-style:solid;border-left-color:#a9c9a3;border-left-style:solid;box-shadow:inset 0px 0px 60px -15px rgba(0, 0, 0, 0.2);}.wp-block-kadence-advancedbtn .kb-btn14_8d4140-71.kb-button:hover, .wp-block-kadence-advancedbtn .kb-btn14_8d4140-71.kb-button:focus{background:#8fb88a;}@media all and (max-width: 1024px){.wp-block-kadence-advancedbtn .kb-btn14_8d4140-71.kb-button{border-top-color:#a9c9a3;border-top-style:solid;border-right-color:#a9c9a3;border-right-style:solid;border-bottom-color:#a9c9a3;border-bottom-style:solid;border-left-color:#a9c9a3;border-left-style:solid;}}@media all and (max-width: 767px){.wp-block-kadence-advancedbtn .kb-btn14_8d4140-71.kb-button{border-top-color:#a9c9a3;border-top-style:solid;border-right-color:#a9c9a3;border-right-style:solid;border-bottom-color:#a9c9a3;border-bottom-style:solid;border-left-color:#a9c9a3;border-left-style:solid;}}<\/style><a class=\"kb-button kt-button button kb-btn14_8d4140-71 kt-btn-size-standard kt-btn-width-type-auto kb-btn-global-fill  kt-btn-has-text-true kt-btn-has-svg-false  wp-block-kadence-singlebtn\" href=\"https:\/\/dotykswiatla.pl\/index.php\/bioenergoterapia-zwierzat\/\"><span class=\"kt-btn-inner-text\">Bioenergoterapia zwierz\u0105t <\/span><\/a>\n\n<style>ul.menu .wp-block-kadence-advancedbtn .kb-btn14_dcf026-83.kb-button{width:initial;}.wp-block-kadence-advancedbtn .kb-btn14_dcf026-83.kb-button{color:#3f4f2f;background:#a9c9a3;border-top-color:#a9c9a3;border-top-style:solid;border-right-color:#a9c9a3;border-right-style:solid;border-bottom-color:#a9c9a3;border-bottom-style:solid;border-left-color:#a9c9a3;border-left-style:solid;box-shadow:inset 0px 0px 60px -15px rgba(0, 0, 0, 0.2);}.wp-block-kadence-advancedbtn .kb-btn14_dcf026-83.kb-button:hover, .wp-block-kadence-advancedbtn .kb-btn14_dcf026-83.kb-button:focus{background:#8fb88a;border-top-color:#8fb88a;border-top-style:solid;border-right-color:#8fb88a;border-right-style:solid;border-bottom-color:#8fb88a;border-bottom-style:solid;border-left-color:#8fb88a;border-left-style:solid;}@media all and (max-width: 1024px){.wp-block-kadence-advancedbtn .kb-btn14_dcf026-83.kb-button{border-top-color:#a9c9a3;border-top-style:solid;border-right-color:#a9c9a3;border-right-style:solid;border-bottom-color:#a9c9a3;border-bottom-style:solid;border-left-color:#a9c9a3;border-left-style:solid;}}@media all and (max-width: 1024px){.wp-block-kadence-advancedbtn .kb-btn14_dcf026-83.kb-button:hover, .wp-block-kadence-advancedbtn .kb-btn14_dcf026-83.kb-button:focus{border-top-color:#8fb88a;border-top-style:solid;border-right-color:#8fb88a;border-right-style:solid;border-bottom-color:#8fb88a;border-bottom-style:solid;border-left-color:#8fb88a;border-left-style:solid;}}@media all and (max-width: 767px){.wp-block-kadence-advancedbtn .kb-btn14_dcf026-83.kb-button{border-top-color:#a9c9a3;border-top-style:solid;border-right-color:#a9c9a3;border-right-style:solid;border-bottom-color:#a9c9a3;border-bottom-style:solid;border-left-color:#a9c9a3;border-left-style:solid;}.wp-block-kadence-advancedbtn .kb-btn14_dcf026-83.kb-button:hover, .wp-block-kadence-advancedbtn .kb-btn14_dcf026-83.kb-button:focus{border-top-color:#8fb88a;border-top-style:solid;border-right-color:#8fb88a;border-right-style:solid;border-bottom-color:#8fb88a;border-bottom-style:solid;border-left-color:#8fb88a;border-left-style:solid;}}<\/style><a class=\"kb-button kt-button button kb-btn14_dcf026-83 kt-btn-size-standard kt-btn-width-type-auto kb-btn-global-fill  kt-btn-has-text-true kt-btn-has-svg-false  wp-block-kadence-singlebtn\" href=\"https:\/\/dotykswiatla.pl\/index.php\/kroniki-akaszy\/\"><span class=\"kt-btn-inner-text\">Kroniki Akaszy <\/span><\/a>\n\n<style>ul.menu .wp-block-kadence-advancedbtn .kb-btn14_2c863c-6f.kb-button{width:initial;}.wp-block-kadence-advancedbtn .kb-btn14_2c863c-6f.kb-button{color:#3f4f2f;background:#a9c9a3;border-top-color:#a9c9a3;border-top-style:solid;border-right-color:#a9c9a3;border-right-style:solid;border-bottom-color:#a9c9a3;border-bottom-style:solid;border-left-color:#a9c9a3;border-left-style:solid;box-shadow:inset 0px 0px 60px -15px rgba(0, 0, 0, 0.2);}.wp-block-kadence-advancedbtn .kb-btn14_2c863c-6f.kb-button:hover, .wp-block-kadence-advancedbtn .kb-btn14_2c863c-6f.kb-button:focus{background:#8fb88a;border-top-color:#8fb88a;border-top-style:solid;border-right-color:#8fb88a;border-right-style:solid;border-bottom-color:#8fb88a;border-bottom-style:solid;border-left-color:#8fb88a;border-left-style:solid;}@media all and (max-width: 1024px){.wp-block-kadence-advancedbtn .kb-btn14_2c863c-6f.kb-button{border-top-color:#a9c9a3;border-top-style:solid;border-right-color:#a9c9a3;border-right-style:solid;border-bottom-color:#a9c9a3;border-bottom-style:solid;border-left-color:#a9c9a3;border-left-style:solid;}}@media all and (max-width: 1024px){.wp-block-kadence-advancedbtn .kb-btn14_2c863c-6f.kb-button:hover, .wp-block-kadence-advancedbtn .kb-btn14_2c863c-6f.kb-button:focus{border-top-color:#8fb88a;border-top-style:solid;border-right-color:#8fb88a;border-right-style:solid;border-bottom-color:#8fb88a;border-bottom-style:solid;border-left-color:#8fb88a;border-left-style:solid;}}@media all and (max-width: 767px){.wp-block-kadence-advancedbtn .kb-btn14_2c863c-6f.kb-button{border-top-color:#a9c9a3;border-top-style:solid;border-right-color:#a9c9a3;border-right-style:solid;border-bottom-color:#a9c9a3;border-bottom-style:solid;border-left-color:#a9c9a3;border-left-style:solid;}.wp-block-kadence-advancedbtn .kb-btn14_2c863c-6f.kb-button:hover, .wp-block-kadence-advancedbtn .kb-btn14_2c863c-6f.kb-button:focus{border-top-color:#8fb88a;border-top-style:solid;border-right-color:#8fb88a;border-right-style:solid;border-bottom-color:#8fb88a;border-bottom-style:solid;border-left-color:#8fb88a;border-left-style:solid;}}<\/style><a class=\"kb-button kt-button button kb-btn14_2c863c-6f kt-btn-size-standard kt-btn-width-type-auto kb-btn-global-fill  kt-btn-has-text-true kt-btn-has-svg-false  wp-block-kadence-singlebtn\" href=\"https:\/\/dotykswiatla.pl\/index.php\/tarot-od-serca\/\"><span class=\"kt-btn-inner-text\">Tarot od serca <\/span><\/a>\n\n<style>ul.menu .wp-block-kadence-advancedbtn .kb-btn14_869bca-1e.kb-button{width:initial;}.wp-block-kadence-advancedbtn .kb-btn14_869bca-1e.kb-button{color:#3f4f2f;background:#a9c9a3;border-top-color:#a9c9a3;border-top-style:solid;border-right-color:#a9c9a3;border-right-style:solid;border-bottom-color:#a9c9a3;border-bottom-style:solid;border-left-color:#a9c9a3;border-left-style:solid;box-shadow:inset 0px 0px 60px -15px rgba(0, 0, 0, 0.2);}.wp-block-kadence-advancedbtn .kb-btn14_869bca-1e.kb-button:hover, .wp-block-kadence-advancedbtn .kb-btn14_869bca-1e.kb-button:focus{background:#8fb88a;border-top-color:#8fb88a;border-top-style:solid;border-right-color:#8fb88a;border-right-style:solid;border-bottom-color:#8fb88a;border-bottom-style:solid;border-left-color:#8fb88a;border-left-style:solid;}@media all and (max-width: 1024px){.wp-block-kadence-advancedbtn .kb-btn14_869bca-1e.kb-button{border-top-color:#a9c9a3;border-top-style:solid;border-right-color:#a9c9a3;border-right-style:solid;border-bottom-color:#a9c9a3;border-bottom-style:solid;border-left-color:#a9c9a3;border-left-style:solid;}}@media all and (max-width: 1024px){.wp-block-kadence-advancedbtn .kb-btn14_869bca-1e.kb-button:hover, .wp-block-kadence-advancedbtn .kb-btn14_869bca-1e.kb-button:focus{border-top-color:#8fb88a;border-top-style:solid;border-right-color:#8fb88a;border-right-style:solid;border-bottom-color:#8fb88a;border-bottom-style:solid;border-left-color:#8fb88a;border-left-style:solid;}}@media all and (max-width: 767px){.wp-block-kadence-advancedbtn .kb-btn14_869bca-1e.kb-button{border-top-color:#a9c9a3;border-top-style:solid;border-right-color:#a9c9a3;border-right-style:solid;border-bottom-color:#a9c9a3;border-bottom-style:solid;border-left-color:#a9c9a3;border-left-style:solid;}.wp-block-kadence-advancedbtn .kb-btn14_869bca-1e.kb-button:hover, .wp-block-kadence-advancedbtn .kb-btn14_869bca-1e.kb-button:focus{border-top-color:#8fb88a;border-top-style:solid;border-right-color:#8fb88a;border-right-style:solid;border-bottom-color:#8fb88a;border-bottom-style:solid;border-left-color:#8fb88a;border-left-style:solid;}}<\/style><a class=\"kb-button kt-button button kb-btn14_869bca-1e kt-btn-size-standard kt-btn-width-type-auto kb-btn-global-fill  kt-btn-has-text-true kt-btn-has-svg-false  wp-block-kadence-singlebtn\" href=\"https:\/\/dotykswiatla.pl\/index.php\/oczyszczanie-przestrzeni\/\"><span class=\"kt-btn-inner-text\">Oczyszczanie Przestrzeni <\/span><\/a>\n\n<style>ul.menu .wp-block-kadence-advancedbtn .kb-btn14_78320f-b1.kb-button{width:initial;}.wp-block-kadence-advancedbtn .kb-btn14_78320f-b1.kb-button{color:#3f4f2f;background:#a9c9a3;border-top-color:#a9c9a3;border-top-style:solid;border-right-color:#a9c9a3;border-right-style:solid;border-bottom-color:#a9c9a3;border-bottom-style:solid;border-left-color:#a9c9a3;border-left-style:solid;box-shadow:inset 0px 0px 60px -15px rgba(0, 0, 0, 0.2);}.wp-block-kadence-advancedbtn .kb-btn14_78320f-b1.kb-button:hover, .wp-block-kadence-advancedbtn .kb-btn14_78320f-b1.kb-button:focus{background:#8fb88a;border-top-color:#8fb88a;border-top-style:solid;border-right-color:#8fb88a;border-right-style:solid;border-bottom-color:#8fb88a;border-bottom-style:solid;border-left-color:#8fb88a;border-left-style:solid;}@media all and (max-width: 1024px){.wp-block-kadence-advancedbtn .kb-btn14_78320f-b1.kb-button{border-top-color:#a9c9a3;border-top-style:solid;border-right-color:#a9c9a3;border-right-style:solid;border-bottom-color:#a9c9a3;border-bottom-style:solid;border-left-color:#a9c9a3;border-left-style:solid;}}@media all and (max-width: 1024px){.wp-block-kadence-advancedbtn .kb-btn14_78320f-b1.kb-button:hover, .wp-block-kadence-advancedbtn .kb-btn14_78320f-b1.kb-button:focus{border-top-color:#8fb88a;border-top-style:solid;border-right-color:#8fb88a;border-right-style:solid;border-bottom-color:#8fb88a;border-bottom-style:solid;border-left-color:#8fb88a;border-left-style:solid;}}@media all and (max-width: 767px){.wp-block-kadence-advancedbtn .kb-btn14_78320f-b1.kb-button{border-top-color:#a9c9a3;border-top-style:solid;border-right-color:#a9c9a3;border-right-style:solid;border-bottom-color:#a9c9a3;border-bottom-style:solid;border-left-color:#a9c9a3;border-left-style:solid;}.wp-block-kadence-advancedbtn .kb-btn14_78320f-b1.kb-button:hover, .wp-block-kadence-advancedbtn .kb-btn14_78320f-b1.kb-button:focus{border-top-color:#8fb88a;border-top-style:solid;border-right-color:#8fb88a;border-right-style:solid;border-bottom-color:#8fb88a;border-bottom-style:solid;border-left-color:#8fb88a;border-left-style:solid;}}<\/style><a class=\"kb-button kt-button button kb-btn14_78320f-b1 kt-btn-size-standard kt-btn-width-type-auto kb-btn-global-fill  kt-btn-has-text-true kt-btn-has-svg-false  wp-block-kadence-singlebtn\" href=\"https:\/\/dotykswiatla.pl\/index.php\/kontakt\/\"><span class=\"kt-btn-inner-text\">Kontakt <\/span><\/a>\n\n<style>ul.menu .wp-block-kadence-advancedbtn .kb-btn14_22768b-93.kb-button{width:initial;}.wp-block-kadence-advancedbtn .kb-btn14_22768b-93.kb-button{color:#3f4f2f;background:#a9c9a3;border-top-color:#a9c9a3;border-top-style:solid;border-right-color:#a9c9a3;border-right-style:solid;border-bottom-color:#a9c9a3;border-bottom-style:solid;border-left-color:#a9c9a3;border-left-style:solid;box-shadow:inset 0px 0px 60px -15px rgba(0, 0, 0, 0.2);}.wp-block-kadence-advancedbtn .kb-btn14_22768b-93.kb-button:hover, .wp-block-kadence-advancedbtn .kb-btn14_22768b-93.kb-button:focus{background:#8fb88a;border-top-color:#8fb88a;border-top-style:solid;border-right-color:#8fb88a;border-right-style:solid;border-bottom-color:#8fb88a;border-bottom-style:solid;border-left-color:#8fb88a;border-left-style:solid;}@media all and (max-width: 1024px){.wp-block-kadence-advancedbtn .kb-btn14_22768b-93.kb-button{border-top-color:#a9c9a3;border-top-style:solid;border-right-color:#a9c9a3;border-right-style:solid;border-bottom-color:#a9c9a3;border-bottom-style:solid;border-left-color:#a9c9a3;border-left-style:solid;}}@media all and (max-width: 1024px){.wp-block-kadence-advancedbtn .kb-btn14_22768b-93.kb-button:hover, .wp-block-kadence-advancedbtn .kb-btn14_22768b-93.kb-button:focus{border-top-color:#8fb88a;border-top-style:solid;border-right-color:#8fb88a;border-right-style:solid;border-bottom-color:#8fb88a;border-bottom-style:solid;border-left-color:#8fb88a;border-left-style:solid;}}@media all and (max-width: 767px){.wp-block-kadence-advancedbtn .kb-btn14_22768b-93.kb-button{border-top-color:#a9c9a3;border-top-style:solid;border-right-color:#a9c9a3;border-right-style:solid;border-bottom-color:#a9c9a3;border-bottom-style:solid;border-left-color:#a9c9a3;border-left-style:solid;}.wp-block-kadence-advancedbtn .kb-btn14_22768b-93.kb-button:hover, .wp-block-kadence-advancedbtn .kb-btn14_22768b-93.kb-button:focus{border-top-color:#8fb88a;border-top-style:solid;border-right-color:#8fb88a;border-right-style:solid;border-bottom-color:#8fb88a;border-bottom-style:solid;border-left-color:#8fb88a;border-left-style:solid;}}<\/style><a class=\"kb-button kt-button button kb-btn14_22768b-93 kt-btn-size-standard kt-btn-width-type-auto kb-btn-global-fill  kt-btn-has-text-true kt-btn-has-svg-false  wp-block-kadence-singlebtn\" href=\"https:\/\/dotykswiatla.pl\/index.php\/kim-jestem\/\"><span class=\"kt-btn-inner-text\">Kim jestem  <\/span><\/a><\/div>\n\n\n\n<p class=\"has-text-align-center has-theme-palette-11-color has-text-color has-link-color has-medium-font-size wp-elements-562928297348510da2691c116f5cb410\"><strong>Dotyk \u015awiat\u0142a<\/strong> to przestrze\u0144 wsparcia energetycznego i pracy z intuicj\u0105.<br>Towarzysz\u0119 w procesach emocjonalnych, zdrowotnych i \u017cyciowych, pracuj\u0105c z energi\u0105, \u015bwiadomo\u015bci\u0105 oraz subtelnymi poziomami do\u015bwiadczenia.<br>Ka\u017cde spotkanie jest indywidualne, prowadzone z uwa\u017cno\u015bci\u0105, szacunkiem i w tempie, kt\u00f3re jest dobre dla Ciebie.<\/p>\n\n\n<div class=\"wp-block-image\">\n<figure class=\"aligncenter size-large is-resized\"><img loading=\"lazy\" decoding=\"async\" width=\"1024\" height=\"567\" src=\"http:\/\/dotykswiatla.pl\/wp-content\/uploads\/2026\/01\/obrazek1-e1769237430686-1024x567.png\" alt=\"\" class=\"wp-image-132\" style=\"width:996px;height:auto\" srcset=\"https:\/\/dotykswiatla.pl\/wp-content\/uploads\/2026\/01\/obrazek1-e1769237430686-1024x567.png 1024w, https:\/\/dotykswiatla.pl\/wp-content\/uploads\/2026\/01\/obrazek1-e1769237430686-300x166.png 300w, https:\/\/dotykswiatla.pl\/wp-content\/uploads\/2026\/01\/obrazek1-e1769237430686-768x425.png 768w, https:\/\/dotykswiatla.pl\/wp-content\/uploads\/2026\/01\/obrazek1-e1769237430686.png 1536w\" sizes=\"auto, (max-width: 1024px) 100vw, 1024px\" \/><\/figure>\n<\/div>","protected":false},"excerpt":{"rendered":"<p>Dotyk \u015awiat\u0142a to przestrze\u0144 wsparcia energetycznego i pracy z intuicj\u0105.Towarzysz\u0119 w procesach emocjonalnych, zdrowotnych i \u017cyciowych, pracuj\u0105c z energi\u0105, \u015bwiadomo\u015bci\u0105 oraz subtelnymi poziomami do\u015bwiadczenia.Ka\u017cde spotkanie jest indywidualne, prowadzone z uwa\u017cno\u015bci\u0105, szacunkiem i w tempie, kt\u00f3re jest dobre dla Ciebie.<\/p>\n","protected":false},"author":1,"featured_media":0,"parent":0,"menu_order":0,"comment_status":"closed","ping_status":"closed","template":"","meta":{"_kadence_starter_templates_imported_post":false,"_kad_post_transparent":"disable","_kad_post_title":"hide","_kad_post_layout":"normal","_kad_post_sidebar_id":"","_kad_post_content_style":"","_kad_post_vertical_padding":"","_kad_post_feature":"hide","_kad_post_feature_position":"","_kad_post_header":true,"_kad_post_footer":false,"_kad_post_classname":"","footnotes":""},"class_list":["post-14","page","type-page","status-publish","hentry"],"_links":{"self":[{"href":"https:\/\/dotykswiatla.pl\/index.php\/wp-json\/wp\/v2\/pages\/14","targetHints":{"allow":["GET"]}}],"collection":[{"href":"https:\/\/dotykswiatla.pl\/index.php\/wp-json\/wp\/v2\/pages"}],"about":[{"href":"https:\/\/dotykswiatla.pl\/index.php\/wp-json\/wp\/v2\/types\/page"}],"author":[{"embeddable":true,"href":"https:\/\/dotykswiatla.pl\/index.php\/wp-json\/wp\/v2\/users\/1"}],"replies":[{"embeddable":true,"href":"https:\/\/dotykswiatla.pl\/index.php\/wp-json\/wp\/v2\/comments?post=14"}],"version-history":[{"count":32,"href":"https:\/\/dotykswiatla.pl\/index.php\/wp-json\/wp\/v2\/pages\/14\/revisions"}],"predecessor-version":[{"id":155,"href":"https:\/\/dotykswiatla.pl\/index.php\/wp-json\/wp\/v2\/pages\/14\/revisions\/155"}],"wp:attachment":[{"href":"https:\/\/dotykswiatla.pl\/index.php\/wp-json\/wp\/v2\/media?parent=14"}],"curies":[{"name":"wp","href":"https:\/\/api.w.org\/{rel}","templated":true}]}}